{"id":1300,"date":"2018-02-07T10:01:27","date_gmt":"2018-02-07T15:01:27","guid":{"rendered":"http:\/\/www.mfbernard.com\/?page_id=1300"},"modified":"2025-05-28T09:50:01","modified_gmt":"2025-05-28T14:50:01","slug":"voici-les-conseils-et-guide-dinstallation","status":"publish","type":"page","link":"https:\/\/www.mfbernard.com\/?page_id=1300","title":{"rendered":"Conseils et guide d\u2019installation du Pin jaune trait\u00e9 du sud"},"content":{"rendered":"<div class=\"coda-slider-wrapper\"><div id=\"product_slider_23470\" class=\"product_slider coda-slider preload\"><div class=\"panel\"><div class=\"panel-wrapper\"><div class=\"box portfolio four first\">\n\t\t\t\t\t   <!-- product image -->\n\t\t\t\t\t   <span class=\"frame block\"><a href=\"https:\/\/www.mfbernard.com\/?post_type=products&p=60\" class=\"imgeffect link\"><img decoding=\"async\" src=\"http:\/\/www.mfbernard.com\/wp-content\/uploads\/2013\/02\/IMG_1093-e1371068392474-129x120.jpg\"  alt=\"\" \/><\/a><\/span>\n\t\t\t\t\t   \t\t  \n\t\t\t\t  <div class=\"product_info\">\n\t\t\t\t  <!-- title-->\n\t\t\t\t  <h5><a href=\"https:\/\/www.mfbernard.com\/?post_type=products&p=60\" title=\"Pin jaune trait\u00e9 du sud &#8211; Naturel (micropro) &#8211; trait\u00e9 bord en bord \u00e0 100%\">Pin jaune trait\u00e9 du sud &#8211; Naturel (micropro) &#8211; trait\u00e9 bord en bord \u00e0 100%<\/a><\/h5> \t\t\t\t\n\t\t\t\t  <!-- text-->\n\t\t\t\t  \t\t\t\t\n\t\t\t\t <\/div>\n\t\t  <\/div>\n\t\t  <!-- \/ product -->\n\t   <div class=\"box portfolio four \">\n\t\t\t\t\t   <!-- product image -->\n\t\t\t\t\t   <span class=\"frame block\"><a href=\"https:\/\/www.mfbernard.com\/?post_type=products&p=1294\" class=\"imgeffect link\"><img decoding=\"async\" src=\"http:\/\/www.mfbernard.com\/wp-content\/uploads\/2018\/02\/installation-instructions-button-129x120.jpg\"  alt=\"\" \/><\/a><\/span>\n\t\t\t\t\t   \t\t  \n\t\t\t\t  <div class=\"product_info\">\n\t\t\t\t  <!-- title-->\n\t\t\t\t  <h5><a href=\"https:\/\/www.mfbernard.com\/?post_type=products&p=1294\" title=\"Conseils et guide d\u2019installation &#8211; Pin jaune trait\u00e9 du sud\">Conseils et guide d\u2019installation &#8211; Pin jaune trait\u00e9 du sud<\/a><\/h5> \t\t\t\t\n\t\t\t\t  <!-- text-->\n\t\t\t\t  \t\t\t\t\n\t\t\t\t <\/div>\n\t\t  <\/div>\n\t\t  <!-- \/ product -->\n\t   <\/div><\/div><\/div><\/div>\n\t    <script type=\"text\/javascript\">\n\t\t\/* <![CDATA[ *\/\n\t\t\t \/\/ Product Slider\n\t\t\t jQuery(window).load(function(){  \n\t\t\t   jQuery('#product_slider_23470').codaSlider({\n\t\t\t\tcrossLinking: false,\n\t\t\t\tdynamicArrows: false,\n\t\t\t\tdynamicTabs:false,\n\t\t\t\tautoSlide:true,\n\t\t\t\tautoSlideInterval: 5000,\n\t\t\t\tdynamicTabsPosition: \"bottom\",\n\t\t\t\tdynamicTabsAlign: \"right\"\n\t\t\t   }); \n\t\t\t });\n\t    \/* ]]> *\/\t\n\t    <\/script>\t\n    ","protected":false},"excerpt":{"rendered":"","protected":false},"author":1,"featured_media":0,"parent":0,"menu_order":0,"comment_status":"closed","ping_status":"closed","template":"","meta":{"footnotes":""},"class_list":["post-1300","page","type-page","status-publish","hentry"],"_links":{"self":[{"href":"https:\/\/www.mfbernard.com\/index.php?rest_route=\/wp\/v2\/pages\/1300","targetHints":{"allow":["GET"]}}],"collection":[{"href":"https:\/\/www.mfbernard.com\/index.php?rest_route=\/wp\/v2\/pages"}],"about":[{"href":"https:\/\/www.mfbernard.com\/index.php?rest_route=\/wp\/v2\/types\/page"}],"author":[{"embeddable":true,"href":"https:\/\/www.mfbernard.com\/index.php?rest_route=\/wp\/v2\/users\/1"}],"replies":[{"embeddable":true,"href":"https:\/\/www.mfbernard.com\/index.php?rest_route=%2Fwp%2Fv2%2Fcomments&post=1300"}],"version-history":[{"count":3,"href":"https:\/\/www.mfbernard.com\/index.php?rest_route=\/wp\/v2\/pages\/1300\/revisions"}],"predecessor-version":[{"id":1661,"href":"https:\/\/www.mfbernard.com\/index.php?rest_route=\/wp\/v2\/pages\/1300\/revisions\/1661"}],"wp:attachment":[{"href":"https:\/\/www.mfbernard.com\/index.php?rest_route=%2Fwp%2Fv2%2Fmedia&parent=1300"}],"curies":[{"name":"wp","href":"https:\/\/api.w.org\/{rel}","templated":true}]}}