{"id":20,"date":"2013-01-16T22:03:53","date_gmt":"2013-01-16T22:03:53","guid":{"rendered":"http:\/\/www.mfbernard.com\/?page_id=20"},"modified":"2025-05-28T09:47:42","modified_gmt":"2025-05-28T14:47:42","slug":"produits-2","status":"publish","type":"page","link":"https:\/\/www.mfbernard.com\/?page_id=20","title":{"rendered":"Nos produits et Liste de prix"},"content":{"rendered":"<p><div class=\"coda-slider-wrapper\"><div id=\"product_slider_936431\" class=\"product_slider coda-slider preload\"><div class=\"panel\"><div class=\"panel-wrapper\"><div class=\"box portfolio five first\">\n\t\t\t\t\t   <!-- product image -->\n\t\t\t\t\t   <span class=\"frame block\"><a href=\"https:\/\/www.mfbernard.com\/?post_type=products&p=79\" class=\"imgeffect link\"><img decoding=\"async\" src=\"http:\/\/www.mfbernard.com\/wp-content\/uploads\/2013\/02\/IMG_1086-96x100.jpg\"  alt=\"\" \/><\/a><\/span>\n\t\t\t\t\t   \t\t  \n\t\t\t\t  <div class=\"product_info\">\n\t\t\t\t  <!-- title-->\n\t\t\t\t  <h5><a href=\"https:\/\/www.mfbernard.com\/?post_type=products&p=79\" title=\"Accessoires en bois trait\u00e9\">Accessoires en bois trait\u00e9<\/a><\/h5> \t\t\t\t\n\t\t\t\t  <!-- text-->\n\t\t\t\t  \t\t\t\t\n\t\t\t\t <\/div>\n\t\t  <\/div>\n\t\t  <!-- \/ product -->\n\t   <\/div><\/div><\/div><\/div>\n\t    <script type=\"text\/javascript\">\n\t\t\/* <![CDATA[ *\/\n\t\t\t \/\/ Product Slider\n\t\t\t jQuery(window).load(function(){  \n\t\t\t   jQuery('#product_slider_936431').codaSlider({\n\t\t\t\tcrossLinking: false,\n\t\t\t\tdynamicArrows: false,\n\t\t\t\tdynamicTabs:false,\n\t\t\t\tautoSlide:true,\n\t\t\t\tautoSlideInterval: 5000,\n\t\t\t\tdynamicTabsPosition: \"bottom\",\n\t\t\t\tdynamicTabsAlign: \"right\"\n\t\t\t   }); \n\t\t\t });\n\t    \/* ]]> *\/\t\n\t    <\/script>\t\n    <br \/>\n<div class=\"coda-slider-wrapper\"><div id=\"product_slider_318903\" class=\"product_slider coda-slider preload\"><div class=\"panel\"><div class=\"panel-wrapper\"><div class=\"box portfolio five first\">\n\t\t\t\t\t   <!-- product image -->\n\t\t\t\t\t   <span class=\"frame block\"><a href=\"https:\/\/www.mfbernard.com\/?post_type=products&p=60\" class=\"imgeffect link\"><img decoding=\"async\" src=\"http:\/\/www.mfbernard.com\/wp-content\/uploads\/2013\/02\/IMG_1093-e1371068392474-96x100.jpg\"  alt=\"\" \/><\/a><\/span>\n\t\t\t\t\t   \t\t  \n\t\t\t\t  <div class=\"product_info\">\n\t\t\t\t  <!-- title-->\n\t\t\t\t  <h5><a href=\"https:\/\/www.mfbernard.com\/?post_type=products&p=60\" title=\"Pin jaune trait\u00e9 du sud &#8211; Naturel (micropro) &#8211; trait\u00e9 bord en bord \u00e0 100%\">Pin jaune trait\u00e9 du sud &#8211; Naturel (micropro) &#8211; trait\u00e9 bord en bord \u00e0 100%<\/a><\/h5> \t\t\t\t\n\t\t\t\t  <!-- text-->\n\t\t\t\t  \t\t\t\t\n\t\t\t\t <\/div>\n\t\t  <\/div>\n\t\t  <!-- \/ product -->\n\t   <div class=\"box portfolio five \">\n\t\t\t\t\t   <!-- product image -->\n\t\t\t\t\t   <span class=\"frame block\"><a href=\"https:\/\/www.mfbernard.com\/?post_type=products&p=1294\" class=\"imgeffect link\"><img decoding=\"async\" src=\"http:\/\/www.mfbernard.com\/wp-content\/uploads\/2018\/02\/installation-instructions-button-96x100.jpg\"  alt=\"\" \/><\/a><\/span>\n\t\t\t\t\t   \t\t  \n\t\t\t\t  <div class=\"product_info\">\n\t\t\t\t  <!-- title-->\n\t\t\t\t  <h5><a href=\"https:\/\/www.mfbernard.com\/?post_type=products&p=1294\" title=\"Conseils et guide d\u2019installation &#8211; Pin jaune trait\u00e9 du sud\">Conseils et guide d\u2019installation &#8211; Pin jaune trait\u00e9 du sud<\/a><\/h5> \t\t\t\t\n\t\t\t\t  <!-- text-->\n\t\t\t\t  \t\t\t\t\n\t\t\t\t <\/div>\n\t\t  <\/div>\n\t\t  <!-- \/ product -->\n\t   <div class=\"box portfolio five \">\n\t\t\t\t\t   <!-- product image -->\n\t\t\t\t\t   <span class=\"frame block\"><a href=\"https:\/\/www.mfbernard.com\/?post_type=products&p=603\" class=\"imgeffect link\"><img decoding=\"async\" src=\"http:\/\/www.mfbernard.com\/wp-content\/uploads\/2013\/07\/WP_20130719_026-96x100.jpg\"  alt=\"\" \/><\/a><\/span>\n\t\t\t\t\t   \t\t  \n\t\t\t\t  <div class=\"product_info\">\n\t\t\t\t  <!-- title-->\n\t\t\t\t  <h5><a href=\"https:\/\/www.mfbernard.com\/?post_type=products&p=603\" title=\"Pin jaune trait\u00e9 du sud &#8211; Rouge\/Brun (microshade) &#8211; trait\u00e9 bord en bord \u00e0 100%\">Pin jaune trait\u00e9 du sud &#8211; Rouge\/Brun (microshade) &#8211; trait\u00e9 bord en bord \u00e0 100%<\/a><\/h5> \t\t\t\t\n\t\t\t\t  <!-- text-->\n\t\t\t\t  \t\t\t\t\n\t\t\t\t <\/div>\n\t\t  <\/div>\n\t\t  <!-- \/ product -->\n\t   <\/div><\/div><\/div><\/div>\n\t    <script type=\"text\/javascript\">\n\t\t\/* <![CDATA[ *\/\n\t\t\t \/\/ Product Slider\n\t\t\t jQuery(window).load(function(){  \n\t\t\t   jQuery('#product_slider_318903').codaSlider({\n\t\t\t\tcrossLinking: false,\n\t\t\t\tdynamicArrows: false,\n\t\t\t\tdynamicTabs:false,\n\t\t\t\tautoSlide:true,\n\t\t\t\tautoSlideInterval: 5000,\n\t\t\t\tdynamicTabsPosition: \"bottom\",\n\t\t\t\tdynamicTabsAlign: \"right\"\n\t\t\t   }); \n\t\t\t });\n\t    \/* ]]> *\/\t\n\t    <\/script>\t\n    <br \/>\n<div class=\"coda-slider-wrapper\"><div id=\"product_slider_324356\" class=\"product_slider coda-slider preload\"><\/div><\/div>\n\t    <script type=\"text\/javascript\">\n\t\t\/* <![CDATA[ *\/\n\t\t\t \/\/ Product Slider\n\t\t\t jQuery(window).load(function(){  \n\t\t\t   jQuery('#product_slider_324356').codaSlider({\n\t\t\t\tcrossLinking: false,\n\t\t\t\tdynamicArrows: false,\n\t\t\t\tdynamicTabs:false,\n\t\t\t\tautoSlide:true,\n\t\t\t\tautoSlideInterval: 5000,\n\t\t\t\tdynamicTabsPosition: \"bottom\",\n\t\t\t\tdynamicTabsAlign: \"right\"\n\t\t\t   }); \n\t\t\t });\n\t    \/* ]]> *\/\t\n\t    <\/script>\t\n    <br \/>\n<div class=\"coda-slider-wrapper\"><div id=\"product_slider_395931\" class=\"product_slider coda-slider preload\"><\/div><\/div>\n\t    <script type=\"text\/javascript\">\n\t\t\/* <![CDATA[ *\/\n\t\t\t \/\/ Product Slider\n\t\t\t jQuery(window).load(function(){  \n\t\t\t   jQuery('#product_slider_395931').codaSlider({\n\t\t\t\tcrossLinking: false,\n\t\t\t\tdynamicArrows: false,\n\t\t\t\tdynamicTabs:false,\n\t\t\t\tautoSlide:true,\n\t\t\t\tautoSlideInterval: 5000,\n\t\t\t\tdynamicTabsPosition: \"bottom\",\n\t\t\t\tdynamicTabsAlign: \"right\"\n\t\t\t   }); \n\t\t\t });\n\t    \/* ]]> *\/\t\n\t    <\/script>\t\n    <br \/>\n<div class=\"coda-slider-wrapper\"><div id=\"product_slider_713830\" class=\"product_slider coda-slider preload\"><\/div><\/div>\n\t    <script type=\"text\/javascript\">\n\t\t\/* <![CDATA[ *\/\n\t\t\t \/\/ Product Slider\n\t\t\t jQuery(window).load(function(){  \n\t\t\t   jQuery('#product_slider_713830').codaSlider({\n\t\t\t\tcrossLinking: false,\n\t\t\t\tdynamicArrows: false,\n\t\t\t\tdynamicTabs:false,\n\t\t\t\tautoSlide:true,\n\t\t\t\tautoSlideInterval: 5000,\n\t\t\t\tdynamicTabsPosition: \"bottom\",\n\t\t\t\tdynamicTabsAlign: \"right\"\n\t\t\t   }); \n\t\t\t });\n\t    \/* ]]> *\/\t\n\t    <\/script>\t\n    <br \/>\n<div class=\"coda-slider-wrapper\"><div id=\"product_slider_801626\" class=\"product_slider coda-slider preload\"><\/div><\/div>\n\t    <script type=\"text\/javascript\">\n\t\t\/* <![CDATA[ *\/\n\t\t\t \/\/ Product Slider\n\t\t\t jQuery(window).load(function(){  \n\t\t\t   jQuery('#product_slider_801626').codaSlider({\n\t\t\t\tcrossLinking: false,\n\t\t\t\tdynamicArrows: false,\n\t\t\t\tdynamicTabs:false,\n\t\t\t\tautoSlide:true,\n\t\t\t\tautoSlideInterval: 5000,\n\t\t\t\tdynamicTabsPosition: \"bottom\",\n\t\t\t\tdynamicTabsAlign: \"right\"\n\t\t\t   }); \n\t\t\t });\n\t    \/* ]]> *\/\t\n\t    <\/script>\t\n    <br \/>\n<div class=\"coda-slider-wrapper\"><div id=\"product_slider_9663\" class=\"product_slider coda-slider preload\"><\/div><\/div>\n\t    <script type=\"text\/javascript\">\n\t\t\/* <![CDATA[ *\/\n\t\t\t \/\/ Product Slider\n\t\t\t jQuery(window).load(function(){  \n\t\t\t   jQuery('#product_slider_9663').codaSlider({\n\t\t\t\tcrossLinking: false,\n\t\t\t\tdynamicArrows: false,\n\t\t\t\tdynamicTabs:false,\n\t\t\t\tautoSlide:true,\n\t\t\t\tautoSlideInterval: 5000,\n\t\t\t\tdynamicTabsPosition: \"bottom\",\n\t\t\t\tdynamicTabsAlign: \"right\"\n\t\t\t   }); \n\t\t\t });\n\t    \/* ]]> *\/\t\n\t    <\/script>\t\n    <br \/>\n<div class=\"coda-slider-wrapper\"><div id=\"product_slider_632745\" class=\"product_slider coda-slider preload\"><\/div><\/div>\n\t    <script type=\"text\/javascript\">\n\t\t\/* <![CDATA[ *\/\n\t\t\t \/\/ Product Slider\n\t\t\t jQuery(window).load(function(){  \n\t\t\t   jQuery('#product_slider_632745').codaSlider({\n\t\t\t\tcrossLinking: false,\n\t\t\t\tdynamicArrows: false,\n\t\t\t\tdynamicTabs:false,\n\t\t\t\tautoSlide:true,\n\t\t\t\tautoSlideInterval: 5000,\n\t\t\t\tdynamicTabsPosition: \"bottom\",\n\t\t\t\tdynamicTabsAlign: \"right\"\n\t\t\t   }); \n\t\t\t });\n\t    \/* ]]> *\/\t\n\t    <\/script>\t\n    <\/p>\n<p>&nbsp;<\/p>","protected":false},"excerpt":{"rendered":"<p>&nbsp;<\/p>\n","protected":false},"author":1,"featured_media":0,"parent":0,"menu_order":0,"comment_status":"closed","ping_status":"closed","template":"","meta":{"footnotes":""},"class_list":["post-20","page","type-page","status-publish","hentry"],"_links":{"self":[{"href":"https:\/\/www.mfbernard.com\/index.php?rest_route=\/wp\/v2\/pages\/20","targetHints":{"allow":["GET"]}}],"collection":[{"href":"https:\/\/www.mfbernard.com\/index.php?rest_route=\/wp\/v2\/pages"}],"about":[{"href":"https:\/\/www.mfbernard.com\/index.php?rest_route=\/wp\/v2\/types\/page"}],"author":[{"embeddable":true,"href":"https:\/\/www.mfbernard.com\/index.php?rest_route=\/wp\/v2\/users\/1"}],"replies":[{"embeddable":true,"href":"https:\/\/www.mfbernard.com\/index.php?rest_route=%2Fwp%2Fv2%2Fcomments&post=20"}],"version-history":[{"count":50,"href":"https:\/\/www.mfbernard.com\/index.php?rest_route=\/wp\/v2\/pages\/20\/revisions"}],"predecessor-version":[{"id":1463,"href":"https:\/\/www.mfbernard.com\/index.php?rest_route=\/wp\/v2\/pages\/20\/revisions\/1463"}],"wp:attachment":[{"href":"https:\/\/www.mfbernard.com\/index.php?rest_route=%2Fwp%2Fv2%2Fmedia&parent=20"}],"curies":[{"name":"wp","href":"https:\/\/api.w.org\/{rel}","templated":true}]}}